{"id":735,"date":"2023-03-15T15:17:58","date_gmt":"2023-03-15T14:17:58","guid":{"rendered":"https:\/\/actionpur-passeiertal.it\/datenschutz\/"},"modified":"2023-04-19T10:39:41","modified_gmt":"2023-04-19T08:39:41","slug":"privacy-policy","status":"publish","type":"page","link":"https:\/\/actionpur-passeiertal.it\/it\/privacy-policy\/","title":{"rendered":"Privacy Policy"},"content":{"rendered":"[vc_row type=&#8221;in_container&#8221; full_screen_row_position=&#8221;middle&#8221; column_margin=&#8221;default&#8221; column_direction=&#8221;default&#8221; column_direction_tablet=&#8221;default&#8221; column_direction_phone=&#8221;default&#8221; scene_position=&#8221;center&#8221; text_color=&#8221;dark&#8221; text_align=&#8221;left&#8221; row_border_radius=&#8221;none&#8221; row_border_radius_applies=&#8221;bg&#8221; overflow=&#8221;visible&#8221; overlay_strength=&#8221;0.3&#8243; gradient_direction=&#8221;left_to_right&#8221; shape_divider_position=&#8221;bottom&#8221; bg_image_animation=&#8221;none&#8221;][vc_column column_padding=&#8221;no-extra-padding&#8221; column_padding_tablet=&#8221;inherit&#8221; column_padding_phone=&#8221;inherit&#8221; column_padding_position=&#8221;all&#8221; column_element_direction_desktop=&#8221;default&#8221; column_element_spacing=&#8221;default&#8221; desktop_text_alignment=&#8221;default&#8221; tablet_text_alignment=&#8221;default&#8221; phone_text_alignment=&#8221;default&#8221; background_color_opacity=&#8221;1&#8243; background_hover_color_opacity=&#8221;1&#8243; column_backdrop_filter=&#8221;none&#8221; column_shadow=&#8221;none&#8221; column_border_radius=&#8221;none&#8221; column_link_target=&#8221;_self&#8221; column_position=&#8221;default&#8221; gradient_direction=&#8221;left_to_right&#8221; overlay_strength=&#8221;0.3&#8243; width=&#8221;1\/1&#8243; tablet_width_inherit=&#8221;default&#8221; animation_type=&#8221;default&#8221; bg_image_animation=&#8221;none&#8221; border_type=&#8221;simple&#8221; column_border_width=&#8221;none&#8221; column_border_style=&#8221;solid&#8221;][divider line_type=&#8221;No Line&#8221; custom_height=&#8221;50&#8243;][vc_raw_html]JTNDYSUyMGhyZWYlM0QlMjIlMjMlMjIlMjBvbmNsaWNrJTNEJTIyd2luZG93Lmhpc3RvcnkuYmFjayUyOCUyOSUzQiUyMiUzRSVFMiU4NiU5MCUyMGluZGlldHJvJTNDJTJGYSUzRQ==[\/vc_raw_html][vc_column_text]<strong>PRIVACY POLICY<\/strong><\/p>\n<p>Adempimento dei requisiti legali di informazione ai sensi del Regolamento europeo sulla protezione dei dati (DSGVO).<\/p>\n<p>La presente dichiarazione si applica a tutti i nostri ospiti e visitatori del nostro sito web. Con la presente vi informiamo sul tipo, l&#8217;ambito e lo scopo della raccolta e dell&#8217;utilizzo dei vostri dati personali.<\/p>\n<p><strong>Il responsabile del trattamento dei dati \u00e8:<\/strong><\/p>\n<p>Daniel Mairginter<br \/>\n<strong>Guida di canyoning<\/strong><br \/>\nLahne 11,<br \/>\n39010 St. Martin in Passeier<br \/>\nCel.: <a href=\"tel:+393334975197\">+39 333 4975197<\/a><br \/>\nE-mail: <a href=\"mailto:actionpur.passeiertal@gmail.com\">actionpur.passeiertal@gmail.com<\/a><\/p>\n<p>Partita IVA: 03033480215<\/p>\n<p>Ai sensi dell&#8217;art. 13 del Regolamento Europeo sulla Protezione dei Dati, trattiamo i seguenti dati:<\/p>\n<p>I vostri dati anagrafici (nome, cognome, indirizzo, telefono, e-mail, data di nascita, luogo di nascita, lingua, ecc.)<br \/>\ni vostri dati nei documenti di viaggio e nelle carte d&#8217;identit\u00e0<br \/>\ni Suoi dati relativi a pagamenti, carte EC, carte di credito e carte bancarie<br \/>\nla durata del soggiorno da voi richiesta e le eventuali preferenze personali relative al vostro soggiorno che ci comunicherete.<br \/>\nI dati saranno da noi conservati ed elaborati allo scopo di fornire i nostri servizi e, se necessario e richiesto dalla legge, trasmessi a terzi destinatari (ad es. autorit\u00e0 pubbliche, associazioni turistiche). I vostri dati non saranno trasferiti in paesi terzi.<br \/>\nSe vi rifiutate di comunicare i dati anagrafici, i dati dei documenti di viaggio e i dati bancari, non sar\u00e0 possibile per noi adempiere ai nostri obblighi contrattuali e ospitarvi nella nostra struttura. Non utilizziamo la profilazione o il processo decisionale automatizzato.<\/p>\n<p><strong>Le basi giuridiche per queste operazioni di trattamento dei dati sono:<\/strong><\/p>\n<p>l&#8217;adempimento dei nostri obblighi precontrattuali e contrattuali nei vostri confronti<br \/>\nil consenso da voi ottenuto<br \/>\nobblighi di legge, contrattuali o altri obblighi legali da parte nostra (ad esempio, diritti e obblighi di documentazione in materia di contabilit\u00e0, diritto fiscale e doganale, diritto contrattuale, rendicontazione o contenzioso)<br \/>\ni nostri interessi legittimi (ad esempio, migliorare il nostro servizio clienti, anche nell&#8217;ambito della pubblicit\u00e0 diretta, o salvaguardare i nostri interessi legali).<br \/>\nLa durata della conservazione \u00e8 determinata dalla durata del nostro rapporto commerciale, dal consenso fornito dall&#8217;utente, nonch\u00e9 dagli obblighi di conservazione previsti dalla legge e dagli obblighi legali a noi applicabili.<\/p>\n<p>Potete richiedere gratuitamente in qualsiasi momento informazioni sui vostri dati personali da noi conservati. In qualit\u00e0 di soggetto interessato, avete anche il diritto di revoca, informazione, cancellazione, correzione, limitazione e trasferimento dei vostri dati personali, nella misura in cui ci\u00f2 non sia contrastato da alcun obbligo legale di conservazione dei dati da parte nostra. Se esercitate il diritto di revoca, tutti i vostri dati saranno irrevocabilmente cancellati, a meno che non vengano violate disposizioni di legge prevalenti.<\/p>\n<p>Per ulteriori informazioni sui vostri diritti in qualit\u00e0 di interessati, contattateci all&#8217;indirizzo <a href=\"mailto:actionpur.passeiertal@gmail.com\">actionpur.passeiertal@gmail.com<\/a>.<\/p>\n<p>Il &#8220;Garante per la protezione dei dati personali&#8221; \u00e8 l&#8217;autorit\u00e0 di controllo responsabile dei reclami: Piazza di Monte Citorio n. 121 00186 ROMA, Fax: (+39) 06.69677.3785, Telefono: (+39) 06.696771, E-mail: <a href=\"mailto:garante@gpdp.it\">garante@gpdp.it.<\/a><\/p>\n<p>Modifica della nostra politica sulla privacy<br \/>\nCi riserviamo il diritto di adeguare la presente dichiarazione sulla protezione dei dati in modo da renderla sempre conforme alle attuali disposizioni di legge o per attuare modifiche ai nostri servizi nella dichiarazione sulla protezione dei dati, ad esempio in caso di introduzione di nuovi servizi. La nuova dichiarazione sulla protezione dei dati si applicher\u00e0 alla vostra prossima visita.<\/p>\n<p><strong>Cookies<\/strong><\/p>\n<p>Sul nostro sito web utilizziamo i cookie. Si tratta di piccoli file creati automaticamente dal vostro browser e memorizzati sul vostro dispositivo finale (laptop, tablet, smartphone o simili) quando visitate il nostro sito. I cookie non causano alcun danno al dispositivo finale e non contengono virus, trojan o altro malware. Nel cookie vengono memorizzate informazioni relative allo specifico dispositivo finale utilizzato. Tuttavia, ci\u00f2 non significa che veniamo a conoscenza direttamente della vostra identit\u00e0. L&#8217;uso dei cookie serve, da un lato, a rendere pi\u00f9 piacevole l&#8217;utilizzo della nostra offerta. Utilizziamo i cosiddetti cookie di sessione per riconoscere che avete gi\u00e0 visitato singole pagine del nostro sito web. Questi vengono automaticamente cancellati dopo che avete lasciato il nostro sito. Inoltre, per ottimizzare la facilit\u00e0 d&#8217;uso, utilizziamo anche cookie temporanei che vengono memorizzati sul vostro dispositivo finale per un determinato periodo di tempo. Se visitate nuovamente il nostro sito per utilizzare i nostri servizi, viene automaticamente riconosciuto che siete gi\u00e0 stati sul nostro sito e quali inserimenti e impostazioni avete effettuato, in modo che non dobbiate inserirli nuovamente. D&#8217;altra parte, utilizziamo i cookie per registrare statisticamente l&#8217;utilizzo del nostro sito web e per valutarlo al fine di ottimizzare la nostra offerta per voi (vedi punto 5). Questi cookie ci permettono di riconoscere automaticamente che siete gi\u00e0 stati sul nostro sito web quando lo visitate di nuovo. Questi cookie vengono cancellati automaticamente dopo un determinato periodo di tempo. I dati trattati dai cookie sono necessari per le finalit\u00e0 sopra indicate, per tutelare i nostri interessi legittimi e quelli di terzi ai sensi dell&#8217;art. 6 (1) p. 1 lit. f DSGVO. La maggior parte dei browser accetta automaticamente i cookie. Tuttavia, \u00e8 possibile configurare il browser in modo che non vengano memorizzati cookie sul computer o che venga sempre visualizzato un avviso prima della creazione di un nuovo cookie. Tuttavia, la disattivazione completa dei cookie pu\u00f2 comportare l&#8217;impossibilit\u00e0 di utilizzare tutte le funzioni del nostro sito web.<\/p>\n<p><a href=\"https:\/\/actionpur-passeiertal.it\/it\/cookies\/\">di pi\u00f9 qui &gt;<\/a><\/p>\n<p><strong>File di log<\/strong><br \/>\nCome la maggior parte dei siti web, raccogliamo e memorizziamo automaticamente alcune informazioni nei file di log. Queste informazioni comprendono gli indirizzi di protocollo Internet (indirizzi IP), il tipo di browser, il provider di servizi Internet (ISP), le pagine di riferimento\/uscita, il sistema operativo, la data e l&#8217;ora e i dati clickstream.<br \/>\nQuesti dati, noti anche come file di log, sono memorizzati sui server di Limitis GmbH in ITALIA e vengono solitamente cancellati dopo alcuni giorni.Crittografia SSL<\/p>\n<p><strong>CRITTOGRAFIA SSL<\/strong><br \/>\nPer proteggere la sicurezza dei vostri dati durante la trasmissione, utilizziamo procedure di crittografia all&#8217;avanguardia (ad es. SSL) tramite HTTPS.<\/p>\n<p><strong>Modulo di contatto<\/strong><br \/>\nSe ci contattate tramite e-mail o modulo di contatto per domande di qualsiasi tipo, ci date il vostro consenso volontario per potervi contattare. A tal fine, \u00e8 necessario fornire un indirizzo e-mail valido. Questo viene utilizzato per l&#8217;assegnazione della richiesta e la successiva risposta. Il conferimento di ulteriori dati \u00e8 facoltativo. Le informazioni fornite verranno memorizzate per l&#8217;elaborazione della richiesta e per eventuali domande successive. Una volta evasa la richiesta, i dati personali verranno automaticamente cancellati.<\/p>\n<p><strong>Utilizzo di servizi esterni<\/strong><br \/>\nQuesto sito web utilizza i seguenti servizi di tracciamento esterni:<\/p>\n<p><strong>Tracciamento universale di Google Analytics<\/strong><br \/>\nUTILIZZO DI GOOGLE ANALYTICS<br \/>\nQuesto sito web utilizza Google Analytics, un servizio di analisi web fornito da Google, Inc (&#8220;Google&#8221;). Google Analytics utilizza dei &#8220;cookies&#8221;, file di testo che vengono depositati sul vostro computer per consentire al sito web di analizzare come gli utenti utilizzano il sito. Le informazioni generate dal cookie sull&#8217;utilizzo di questo sito web da parte dell&#8217;utente vengono solitamente trasmesse a un server di Google negli Stati Uniti e l\u00ec memorizzate. Tuttavia, attivando l&#8217;anonimizzazione dell&#8217;IP su questo sito web, il vostro indirizzo IP verr\u00e0 preventivamente troncato da Google all&#8217;interno degli Stati membri dell&#8217;Unione europea o in altri Stati contraenti dell&#8217;Accordo sullo Spazio economico europeo. Solo in casi eccezionali l&#8217;indirizzo IP completo verr\u00e0 trasmesso a un server di Google negli USA e l\u00ec abbreviato.<br \/>\nSu incarico del gestore di questo sito web, Google utilizzer\u00e0 queste informazioni per valutare l&#8217;utilizzo del sito web da parte dell&#8217;utente, per redigere rapporti sulle attivit\u00e0 del sito web e per fornire al gestore del sito web altri servizi relativi alle attivit\u00e0 del sito web e all&#8217;utilizzo di Internet. L&#8217;indirizzo IP trasmesso dal vostro browser nell&#8217;ambito di Google Analytics non verr\u00e0 unito ad altri dati di Google.<\/p>\n<p>Potete rifiutare l&#8217;uso dei cookie selezionando l&#8217;impostazione appropriata sul vostro browser. Si prega di notare che in questo caso potrebbe non essere possibile utilizzare tutte le funzioni di questo sito web.<\/p>\n<p>Potete impedire il rilevamento dei dati relativi al vostro utilizzo di questo sito web (compreso il vostro indirizzo IP) e l&#8217;elaborazione di questi dati da parte di Google scaricando e installando il plug-in del browser disponibile al seguente link <a href=\"https:\/\/tools.google.com\/dlpage\/gaoptout?hl=de\">https:\/\/tools.google.com\/dlpage\/gaoptout?hl=de<\/a>.<\/p>\n<p>\u00c8 inoltre possibile impedire la raccolta dei dati da parte di Google Analytics cliccando sul seguente link. Verr\u00e0 impostato un cookie di opt-out che impedir\u00e0 la futura raccolta dei vostri dati quando visitate questo sito web: Disattivare Google Analytics.<\/p>\n<p>Ulteriori informazioni sulle condizioni di utilizzo e sulla protezione dei dati di Google Analytics sono disponibili all&#8217;indirizzo: <a href=\"https:\/\/www.google.com\/analytics\/terms\/de.html\">https:\/\/www.google.com\/analytics\/terms\/de.html<\/a> e <a href=\"https:\/\/support.google.com\/analytics\/answer\/6004245?hl=de\">https:\/\/support.google.com\/analytics\/answer\/6004245?hl=de<\/a>.<\/p>\n<p>Questo sito web utilizza Google Analytics tramite mascheramento IP per garantire una raccolta anonima degli indirizzi IP.<br \/>\nSi prega di notare che utilizziamo ancora Google Analytics per analizzare i dati di AdWords e il cookie del doppio clic a fini statistici. Se non si desidera che ci\u00f2 avvenga, \u00e8 possibile disattivarlo tramite il Gestore preferenze annunci all&#8217;indirizzo <a href=\"https:\/\/adssettings.google.com\/?hl=de\">https:\/\/adssettings.google.com\/?hl=de<\/a>.<\/p>\n<p><strong>Utilizzo di librerie di script (Google Webfonts)<\/strong><br \/>\nPer visualizzare i nostri contenuti in modo corretto e graficamente accattivante su tutti i browser, su questo sito web utilizziamo librerie di script e font come Google Webfonts (<a href=\"https:\/\/www.google.com\/webfonts\/\">https:\/\/www.google.com\/webfonts\/<\/a>). I Google Web Fonts vengono trasferiti nella cache del browser per evitare caricamenti multipli. Se il browser non supporta Google Web Fonts o ne impedisce l&#8217;accesso, il contenuto viene visualizzato con un font standard.<br \/>\nIl richiamo di librerie di script o di font attiva automaticamente una connessione con il gestore della libreria. \u00c8 teoricamente possibile &#8211; anche se attualmente non \u00e8 chiaro se e per quali scopi &#8211; che i gestori di tali librerie raccolgano dati.<br \/>\nL&#8217;informativa sulla privacy del gestore della libreria Google \u00e8 disponibile qui: <a href=\"https:\/\/www.google.com\/policies\/privacy\/\">https:\/\/www.google.com\/policies\/privacy\/<\/a>.<\/p>\n<p><strong>Utilizzo di Google Maps<\/strong><br \/>\nQuesto sito web utilizza l&#8217;API di Google Maps per visualizzare le informazioni geografiche. Quando utilizza Google Maps, Google raccoglie, elabora e utilizza anche i dati relativi all&#8217;utilizzo delle funzioni delle mappe da parte dei visitatori. Per ulteriori informazioni sull&#8217;elaborazione dei dati da parte di Google, consultare l&#8217;informativa sulla privacy di Google. \u00c8 inoltre possibile modificare le impostazioni personali sulla privacy nel Centro privacy.<br \/>\nIstruzioni dettagliate sulla gestione dei propri dati in relazione ai prodotti Google sono disponibili qui.[\/vc_column_text][\/vc_column][\/vc_row][vc_row type=&#8221;in_container&#8221; full_screen_row_position=&#8221;middle&#8221; column_margin=&#8221;default&#8221; column_direction=&#8221;default&#8221; column_direction_tablet=&#8221;default&#8221; column_direction_phone=&#8221;default&#8221; scene_position=&#8221;center&#8221; text_color=&#8221;dark&#8221; text_align=&#8221;left&#8221; row_border_radius=&#8221;none&#8221; row_border_radius_applies=&#8221;bg&#8221; overflow=&#8221;visible&#8221; overlay_strength=&#8221;0.3&#8243; gradient_direction=&#8221;left_to_right&#8221; shape_divider_position=&#8221;bottom&#8221; bg_image_animation=&#8221;none&#8221;][vc_column column_padding=&#8221;no-extra-padding&#8221; column_padding_tablet=&#8221;inherit&#8221; column_padding_phone=&#8221;inherit&#8221; column_padding_position=&#8221;all&#8221; column_element_direction_desktop=&#8221;default&#8221; column_element_spacing=&#8221;default&#8221; desktop_text_alignment=&#8221;default&#8221; tablet_text_alignment=&#8221;default&#8221; phone_text_alignment=&#8221;default&#8221; background_color_opacity=&#8221;1&#8243; background_hover_color_opacity=&#8221;1&#8243; column_backdrop_filter=&#8221;none&#8221; column_shadow=&#8221;none&#8221; column_border_radius=&#8221;none&#8221; column_link_target=&#8221;_self&#8221; column_position=&#8221;default&#8221; gradient_direction=&#8221;left_to_right&#8221; overlay_strength=&#8221;0.3&#8243; width=&#8221;1\/1&#8243; tablet_width_inherit=&#8221;default&#8221; animation_type=&#8221;default&#8221; bg_image_animation=&#8221;none&#8221; border_type=&#8221;simple&#8221; column_border_width=&#8221;none&#8221; column_border_style=&#8221;solid&#8221;][\/vc_column][\/vc_row]\n","protected":false},"excerpt":{"rendered":"<p>[vc_row type=&#8221;in_container&#8221; full_screen_row_position=&#8221;middle&#8221; column_margin=&#8221;default&#8221; column_direction=&#8221;default&#8221; column_direction_tablet=&#8221;default&#8221; column_direction_phone=&#8221;default&#8221; scene_position=&#8221;center&#8221; text_color=&#8221;dark&#8221; text_align=&#8221;left&#8221; row_border_radius=&#8221;none&#8221; row_border_radius_applies=&#8221;bg&#8221; overflow=&#8221;visible&#8221; overlay_strength=&#8221;0.3&#8243; gradient_direction=&#8221;left_to_right&#8221; shape_divider_position=&#8221;bottom&#8221; bg_image_animation=&#8221;none&#8221;][vc_column column_padding=&#8221;no-extra-padding&#8221; column_padding_tablet=&#8221;inherit&#8221; column_padding_phone=&#8221;inherit&#8221; column_padding_position=&#8221;all&#8221; column_element_direction_desktop=&#8221;default&#8221; column_element_spacing=&#8221;default&#8221; desktop_text_alignment=&#8221;default&#8221; tablet_text_alignment=&#8221;default&#8221; phone_text_alignment=&#8221;default&#8221; background_color_opacity=&#8221;1&#8243; background_hover_color_opacity=&#8221;1&#8243; column_backdrop_filter=&#8221;none&#8221; column_shadow=&#8221;none&#8221;&#8230;<\/p>\n","protected":false},"author":2,"featured_media":0,"parent":0,"menu_order":0,"comment_status":"closed","ping_status":"closed","template":"","meta":{"footnotes":""},"class_list":["post-735","page","type-page","status-publish"],"_links":{"self":[{"href":"https:\/\/actionpur-passeiertal.it\/it\/wp-json\/wp\/v2\/pages\/735","targetHints":{"allow":["GET"]}}],"collection":[{"href":"https:\/\/actionpur-passeiertal.it\/it\/wp-json\/wp\/v2\/pages"}],"about":[{"href":"https:\/\/actionpur-passeiertal.it\/it\/wp-json\/wp\/v2\/types\/page"}],"author":[{"embeddable":true,"href":"https:\/\/actionpur-passeiertal.it\/it\/wp-json\/wp\/v2\/users\/2"}],"replies":[{"embeddable":true,"href":"https:\/\/actionpur-passeiertal.it\/it\/wp-json\/wp\/v2\/comments?post=735"}],"version-history":[{"count":5,"href":"https:\/\/actionpur-passeiertal.it\/it\/wp-json\/wp\/v2\/pages\/735\/revisions"}],"predecessor-version":[{"id":748,"href":"https:\/\/actionpur-passeiertal.it\/it\/wp-json\/wp\/v2\/pages\/735\/revisions\/748"}],"wp:attachment":[{"href":"https:\/\/actionpur-passeiertal.it\/it\/wp-json\/wp\/v2\/media?parent=735"}],"curies":[{"name":"wp","href":"https:\/\/api.w.org\/{rel}","templated":true}]}}