{"id":738,"date":"2023-03-15T15:17:53","date_gmt":"2023-03-15T14:17:53","guid":{"rendered":"https:\/\/actionpur-passeiertal.it\/cookies\/"},"modified":"2023-04-19T10:43:24","modified_gmt":"2023-04-19T08:43:24","slug":"cookies","status":"publish","type":"page","link":"https:\/\/actionpur-passeiertal.it\/it\/cookies\/","title":{"rendered":"Cookies"},"content":{"rendered":"[vc_row type=&#8221;in_container&#8221; full_screen_row_position=&#8221;middle&#8221; column_margin=&#8221;default&#8221; column_direction=&#8221;default&#8221; column_direction_tablet=&#8221;default&#8221; column_direction_phone=&#8221;default&#8221; scene_position=&#8221;center&#8221; text_color=&#8221;dark&#8221; text_align=&#8221;left&#8221; row_border_radius=&#8221;none&#8221; row_border_radius_applies=&#8221;bg&#8221; overflow=&#8221;visible&#8221; overlay_strength=&#8221;0.3&#8243; gradient_direction=&#8221;left_to_right&#8221; shape_divider_position=&#8221;bottom&#8221; bg_image_animation=&#8221;none&#8221;][vc_column column_padding=&#8221;no-extra-padding&#8221; column_padding_tablet=&#8221;inherit&#8221; column_padding_phone=&#8221;inherit&#8221; column_padding_position=&#8221;all&#8221; column_element_direction_desktop=&#8221;default&#8221; column_element_spacing=&#8221;default&#8221; desktop_text_alignment=&#8221;default&#8221; tablet_text_alignment=&#8221;default&#8221; phone_text_alignment=&#8221;default&#8221; background_color_opacity=&#8221;1&#8243; background_hover_color_opacity=&#8221;1&#8243; column_backdrop_filter=&#8221;none&#8221; column_shadow=&#8221;none&#8221; column_border_radius=&#8221;none&#8221; column_link_target=&#8221;_self&#8221; column_position=&#8221;default&#8221; gradient_direction=&#8221;left_to_right&#8221; overlay_strength=&#8221;0.3&#8243; width=&#8221;1\/1&#8243; tablet_width_inherit=&#8221;default&#8221; animation_type=&#8221;default&#8221; bg_image_animation=&#8221;none&#8221; border_type=&#8221;simple&#8221; column_border_width=&#8221;none&#8221; column_border_style=&#8221;solid&#8221;][divider line_type=&#8221;No Line&#8221; custom_height=&#8221;50&#8243;][vc_raw_html]JTNDYSUyMGhyZWYlM0QlMjIlMjMlMjIlMjBvbmNsaWNrJTNEJTIyd2luZG93Lmhpc3RvcnkuYmFjayUyOCUyOSUzQiUyMiUzRSVFMiU4NiU5MCUyMGluZGlldHJvJTNDJTJGYSUzRQ==[\/vc_raw_html][vc_column_text]\n<h3 id=\"cookies\">COOKIES<\/h3>\n<p><strong>Cosa sono i cookie?<\/strong><br \/>\nI cookie sono piccoli file di testo che vengono inseriti nel computer dell&#8217;utente quando visita determinati siti web.<\/p>\n<p>Utilizziamo i cookie per il sito web e i sottodomini &#8211; chiedendo il consenso dell&#8217;utente laddove ci\u00f2 sia esplicitamente richiesto dalla legge o da altre normative pertinenti &#8211; per facilitare la navigazione dell&#8217;utente e per personalizzare le informazioni trasmesse all&#8217;utente. Utilizziamo inoltre sistemi pertinenti per raccogliere informazioni sull&#8217;utente, come l&#8217;indirizzo IP, il browser e il sistema operativo utilizzati e\/o i siti web visitati da un utente per scopi di sicurezza e statistici.<\/p>\n<p>Se l&#8217;utente decide di disabilitare o rifiutare i cookie, potrebbe non essere in grado di accedere ad alcune parti del nostro sito web e dei relativi sottodomini, o potrebbe non funzionare correttamente.<\/p>\n<p>Per garantire un utilizzo completo e senza problemi di questo sito web, l&#8217;utente dovrebbe impostare il proprio browser in modo da accettare i cookie. I cookie non comportano alcun rischio per il vostro computer, tablet o smartphone. I cookie generati dal nostro sito web non contengono informazioni personali che possano essere utilizzate per identificare l&#8217;utente, ma solo dati criptati.<\/p>\n<p><strong>Il sito web e i sottodomini associati utilizzano i seguenti tipi di cookie:<\/strong><\/p>\n<p><strong>Cookie di navigazione<\/strong><br \/>\nQuesti cookie consentono all&#8217;utente di navigare nel sito web e di utilizzarne le funzionalit\u00e0. Senza i cookie, l&#8217;utente potrebbe non essere in grado di accedere a tali funzioni o queste potrebbero non funzionare correttamente.<br \/>\nI cookie assolutamente necessari sono utilizzati per memorizzare un identificatore in modo da poter identificare in modo univoco ogni utente e fornire un servizio coerente e accurato.<\/p>\n<p><strong>Cookie di prestazione<\/strong><br \/>\nQuesti cookie possono provenire da noi stessi o da uno dei nostri partner; possono essere di sessione o persistenti. Vengono utilizzati esclusivamente per le prestazioni e il miglioramento del sito web. Questi cookie non raccolgono informazioni che possano identificare l&#8217;utente. Tutte le informazioni raccolte tramite questi cookie vengono aggregate in forma anonima e utilizzate solo per migliorare la funzionalit\u00e0 del sito web.<\/p>\n<p><strong>Cookie funzionali<\/strong><\/p>\n<p>I cookie vengono normalmente inseriti nel computer dell&#8217;utente in seguito a un&#8217;azione dell&#8217;utente stesso, ma possono anche essere ricevuti quando viene offerto un servizio all&#8217;utente senza che questo ne faccia esplicita richiesta. Possono essere utilizzati per evitare che lo stesso servizio venga offerto pi\u00f9 volte allo stesso utente. Inoltre, questi cookie consentono al sito web di tenere traccia delle decisioni prese dall&#8217;utente. Le informazioni raccolte da questi cookie sono anonime e non possono essere utilizzate per valutare il comportamento dell&#8217;utente su altri siti web.<\/p>\n<p>Cookie di terze parti per finalit\u00e0 di marketing\/retargeting.<br \/>\nQuesti cookie sono utilizzati da partner per visualizzare i nostri annunci pubblicitari quando l&#8217;utente visita altri siti web e, ad esempio, per mostrare i prodotti visualizzati l&#8217;ultima volta sul nostro sito web. Questi cookie possono essere utilizzati anche per mostrare prodotti che potrebbero interessarvi o che sono simili ad altri prodotti che avete visualizzato in precedenza. Questi cookie non sono associati al trattamento di informazioni personali, ma possono consentire l&#8217;accesso al browser installato sul vostro computer o su altri dispositivi.<\/p>\n<p><strong>I cookie di terze parti presenti su questo sito includono:<\/strong><\/p>\n<p>Google Analytics<\/p>\n<p><strong>Disattivare i cookie<\/strong><br \/>\nLe leggi sulla protezione dei dati danno agli utenti la possibilit\u00e0 di disabilitare (&#8220;opt-out&#8221;) i cookie gi\u00e0 installati sul loro dispositivo. Questa possibilit\u00e0 si applica ai &#8220;cookie tecnici&#8221; (art. 122 del Codice della Privacy) e ad altri cookie che l&#8217;utente ha precedentemente accettato (&#8220;opt in&#8221;). L&#8217;utente pu\u00f2 disabilitare e\/o cancellare i cookie attraverso le impostazioni del browser (&#8220;opt out&#8221;).<\/p>\n<p>Per disabilitare i cookie<\/p>\n<p><strong>Internet Explorer<\/strong><br \/>\nBloccare o consentire tutti i cookie<\/p>\n<p>Aprire Internet Explorer facendo clic sul pulsante Start e poi su Internet Explorer.<br \/>\nFare clic sul pulsante Strumenti e quindi su Opzioni Internet.<br \/>\nFare clic sulla scheda Privacy, quindi in Impostazioni spostare il cursore verso l&#8217;alto per bloccare tutti i cookie o verso il basso per consentirli tutti. Fare quindi clic su OK.<br \/>\nIl blocco dei cookie pu\u00f2 causare la mancata visualizzazione di alcune pagine web.<\/p>\n<p><strong>Firefox<\/strong><br \/>\nPer bloccare i cookie di tutti i siti web, procedere come segue:<\/p>\n<ol>\n<li>Fare clic sul pulsante del menu e selezionare Impostazioni.<\/li>\n<li>Accedere alla sezione Privacy.<\/li>\n<li>Impostare l&#8217;elenco a discesa accanto a Firefox creer\u00e0 una cronologia: su secondo le impostazioni personalizzate.<\/li>\n<li>Togliere il segno di spunta da Accetta i cookie. Fare clic su OK.<\/li>\n<\/ol>\n<p><strong>Google Chrome<\/strong><\/p>\n<ol>\n<li>Selezionare l&#8217;icona del menu di Chrome.<\/li>\n<li>Selezionare Impostazioni.<\/li>\n<li>Selezionare Mostra impostazioni avanzate in fondo alla pagina.<\/li>\n<li>Nella sezione Privacy, selezionare Impostazioni contenuti.<\/li>\n<li>Selezionare Blocca archiviazione dati per tutti i siti web.<\/li>\n<li>Selezionare Fatto.<\/li>\n<\/ol>\n<p>Anche i singoli cookie di terze parti non tecnici possono essere disattivati e\/o eliminati dall&#8217;utente, come spiegato sul sito web della European Interactive Digital Advertising Alliance: w<a href=\"http:\/\/www.youronlinechoices.eu\">ww.youronlinechoices.eu<\/a>.[\/vc_column_text][\/vc_column][\/vc_row][vc_row type=&#8221;in_container&#8221; full_screen_row_position=&#8221;middle&#8221; column_margin=&#8221;default&#8221; column_direction=&#8221;default&#8221; column_direction_tablet=&#8221;default&#8221; column_direction_phone=&#8221;default&#8221; scene_position=&#8221;center&#8221; text_color=&#8221;dark&#8221; text_align=&#8221;left&#8221; row_border_radius=&#8221;none&#8221; row_border_radius_applies=&#8221;bg&#8221; overflow=&#8221;visible&#8221; overlay_strength=&#8221;0.3&#8243; gradient_direction=&#8221;left_to_right&#8221; shape_divider_position=&#8221;bottom&#8221; bg_image_animation=&#8221;none&#8221;][vc_column column_padding=&#8221;no-extra-padding&#8221; column_padding_tablet=&#8221;inherit&#8221; column_padding_phone=&#8221;inherit&#8221; column_padding_position=&#8221;all&#8221; column_element_direction_desktop=&#8221;default&#8221; column_element_spacing=&#8221;default&#8221; desktop_text_alignment=&#8221;default&#8221; tablet_text_alignment=&#8221;default&#8221; phone_text_alignment=&#8221;default&#8221; background_color_opacity=&#8221;1&#8243; background_hover_color_opacity=&#8221;1&#8243; column_backdrop_filter=&#8221;none&#8221; column_shadow=&#8221;none&#8221; column_border_radius=&#8221;none&#8221; column_link_target=&#8221;_self&#8221; column_position=&#8221;default&#8221; gradient_direction=&#8221;left_to_right&#8221; overlay_strength=&#8221;0.3&#8243; width=&#8221;1\/1&#8243; tablet_width_inherit=&#8221;default&#8221; animation_type=&#8221;default&#8221; bg_image_animation=&#8221;none&#8221; border_type=&#8221;simple&#8221; column_border_width=&#8221;none&#8221; column_border_style=&#8221;solid&#8221;][\/vc_column][\/vc_row]\n","protected":false},"excerpt":{"rendered":"<p>[vc_row type=&#8221;in_container&#8221; full_screen_row_position=&#8221;middle&#8221; column_margin=&#8221;default&#8221; column_direction=&#8221;default&#8221; column_direction_tablet=&#8221;default&#8221; column_direction_phone=&#8221;default&#8221; scene_position=&#8221;center&#8221; text_color=&#8221;dark&#8221; text_align=&#8221;left&#8221; row_border_radius=&#8221;none&#8221; row_border_radius_applies=&#8221;bg&#8221; overflow=&#8221;visible&#8221; overlay_strength=&#8221;0.3&#8243; gradient_direction=&#8221;left_to_right&#8221; shape_divider_position=&#8221;bottom&#8221; bg_image_animation=&#8221;none&#8221;][vc_column column_padding=&#8221;no-extra-padding&#8221; column_padding_tablet=&#8221;inherit&#8221; column_padding_phone=&#8221;inherit&#8221; column_padding_position=&#8221;all&#8221; column_element_direction_desktop=&#8221;default&#8221; column_element_spacing=&#8221;default&#8221; desktop_text_alignment=&#8221;default&#8221; tablet_text_alignment=&#8221;default&#8221; phone_text_alignment=&#8221;default&#8221; background_color_opacity=&#8221;1&#8243; background_hover_color_opacity=&#8221;1&#8243; column_backdrop_filter=&#8221;none&#8221; column_shadow=&#8221;none&#8221;&#8230;<\/p>\n","protected":false},"author":2,"featured_media":0,"parent":0,"menu_order":0,"comment_status":"closed","ping_status":"closed","template":"","meta":{"footnotes":""},"class_list":["post-738","page","type-page","status-publish"],"_links":{"self":[{"href":"https:\/\/actionpur-passeiertal.it\/it\/wp-json\/wp\/v2\/pages\/738","targetHints":{"allow":["GET"]}}],"collection":[{"href":"https:\/\/actionpur-passeiertal.it\/it\/wp-json\/wp\/v2\/pages"}],"about":[{"href":"https:\/\/actionpur-passeiertal.it\/it\/wp-json\/wp\/v2\/types\/page"}],"author":[{"embeddable":true,"href":"https:\/\/actionpur-passeiertal.it\/it\/wp-json\/wp\/v2\/users\/2"}],"replies":[{"embeddable":true,"href":"https:\/\/actionpur-passeiertal.it\/it\/wp-json\/wp\/v2\/comments?post=738"}],"version-history":[{"count":4,"href":"https:\/\/actionpur-passeiertal.it\/it\/wp-json\/wp\/v2\/pages\/738\/revisions"}],"predecessor-version":[{"id":750,"href":"https:\/\/actionpur-passeiertal.it\/it\/wp-json\/wp\/v2\/pages\/738\/revisions\/750"}],"wp:attachment":[{"href":"https:\/\/actionpur-passeiertal.it\/it\/wp-json\/wp\/v2\/media?parent=738"}],"curies":[{"name":"wp","href":"https:\/\/api.w.org\/{rel}","templated":true}]}}